{"id":35,"date":"2017-02-24T14:17:02","date_gmt":"2017-02-24T12:17:02","guid":{"rendered":"http:\/\/www.lions-leonberg.de\/LionsClub\/?page_id=35"},"modified":"2025-06-30T11:28:31","modified_gmt":"2025-06-30T09:28:31","slug":"impressum","status":"publish","type":"page","link":"https:\/\/www.lions-leonberg.de\/LionsClub\/impressum\/","title":{"rendered":"Impressum"},"content":{"rendered":"<p>Pr\u00e4sident im Lionsjahr 2025\/26<\/p>\n<p>Stefan Quitsch &#8211; Renningen<\/p>\n<p>&nbsp;<\/p>\n<p>Angaben gem\u00e4\u00df \u00a7 5 TMG<\/p>\n<p>Lionsclub Leonberg<br \/>\nPostadresse:<br \/>\nOswald B\u00e4r<br \/>\nWankelstra\u00dfe 12<br \/>\n71272 Renningen<\/p>\n<p>Email :\u00a0 lions-leonberg@web.de<\/p>\n<p><strong>Vertreten durch: <\/strong><br \/>\nOswald B\u00e4r &#8211; Internetbeauftragter des LC Leonberg<\/p>\n<p><strong>Haftungsausschluss: <\/strong><\/p>\n<p><strong>Haftung f\u00fcr Links<\/strong><\/p>\n<p>Unser Angebot enth\u00e4lt Links zu externen Webseiten Dritter, auf deren Inhalte wir keinen Einfluss haben. Deshalb k\u00f6nnen wir f\u00fcr diese fremden Inhalte auch keine Gew\u00e4hr \u00fcbernehmen. F\u00fcr die Inhalte der verlinkten Seiten ist stets der jeweilige Anbieter oder Betreiber der Seiten verantwortlich. Die verlinkten Seiten wurden zum Zeitpunkt der Verlinkung auf m\u00f6gliche Rechtsverst\u00f6\u00dfe \u00fcberpr\u00fcft. Rechtswidrige Inhalte waren zum Zeitpunkt der Verlinkung nicht erkennbar. Eine permanente inhaltliche Kontrolle der verlinkten Seiten ist jedoch ohne konkrete Anhaltspunkte einer Rechtsverletzung nicht zumutbar. Bei Bekanntwerden von Rechtsverletzungen werden wir derartige Links umgehend entfernen.<\/p>\n<p><strong>Urheberrecht<\/strong><\/p>\n<p>Die durch die Seitenbetreiber erstellten Inhalte und Werke auf diesen Seiten unterliegen dem deutschen Urheberrecht. Die Vervielf\u00e4ltigung, Bearbeitung, Verbreitung und jede Art der Verwertung au\u00dferhalb der Grenzen des Urheberrechtes bed\u00fcrfen der schriftlichen Zustimmung des jeweiligen Autors bzw. Erstellers. Downloads und Kopien dieser Seite sind nur f\u00fcr den privaten, nicht kommerziellen Gebrauch gestattet. Soweit die Inhalte auf dieser Seite nicht vom Betreiber erstellt wurden, werden die Urheberrechte Dritter beachtet. Insbesondere werden Inhalte Dritter als solche gekennzeichnet. Sollten Sie trotzdem auf eine Urheberrechtsverletzung aufmerksam werden, bitten wir um einen entsprechenden Hinweis. Bei Bekanntwerden von Rechtsverletzungen werden wir derartige Inhalte umgehend entfernen.<\/p>\n<h4><\/h4>\n<div id=\"link\">Website Impressum von <a href=\"https:\/\/www.impressum-generator.de\">impressum-generator.de<\/a><\/div>\n<div><\/div>\n<div>&gt; <a title=\"Datenschutzerkl\u00e4rung\" href=\"https:\/\/www.lions-leonberg.de\/LionsClub\/datenschutz\/\">zum Datenschutz<\/a><\/div>\n","protected":false},"excerpt":{"rendered":"<p>Pr\u00e4sident im Lionsjahr 2025\/26 Stefan Quitsch &#8211; Renningen &nbsp; Angaben gem\u00e4\u00df \u00a7 5 TMG Lionsclub Leonberg Postadresse: Oswald B\u00e4r Wankelstra\u00dfe 12 71272 Renningen Email :\u00a0 lions-leonberg@web.de Vertreten durch: Oswald B\u00e4r &#8211; Internetbeauftragter des LC Leonberg Haftungsausschluss: Haftung f\u00fcr Links Unser Angebot enth\u00e4lt Links zu externen Webseiten Dritter, auf deren Inhalte wir keinen Einfluss haben. Deshalb &hellip; <a href=\"https:\/\/www.lions-leonberg.de\/LionsClub\/impressum\/\" class=\"more-link\"><span class=\"screen-reader-text\">Impressum<\/span> weiterlesen <span class=\"meta-nav\">&rarr;<\/span><\/a><\/p>\n","protected":false},"author":1,"featured_media":0,"parent":0,"menu_order":0,"comment_status":"closed","ping_status":"closed","template":"","meta":[],"aioseo_notices":[],"_links":{"self":[{"href":"https:\/\/www.lions-leonberg.de\/LionsClub\/wp-json\/wp\/v2\/pages\/35"}],"collection":[{"href":"https:\/\/www.lions-leonberg.de\/LionsClub\/wp-json\/wp\/v2\/pages"}],"about":[{"href":"https:\/\/www.lions-leonberg.de\/LionsClub\/wp-json\/wp\/v2\/types\/page"}],"author":[{"embeddable":true,"href":"https:\/\/www.lions-leonberg.de\/LionsClub\/wp-json\/wp\/v2\/users\/1"}],"replies":[{"embeddable":true,"href":"https:\/\/www.lions-leonberg.de\/LionsClub\/wp-json\/wp\/v2\/comments?post=35"}],"version-history":[{"count":6,"href":"https:\/\/www.lions-leonberg.de\/LionsClub\/wp-json\/wp\/v2\/pages\/35\/revisions"}],"predecessor-version":[{"id":386842,"href":"https:\/\/www.lions-leonberg.de\/LionsClub\/wp-json\/wp\/v2\/pages\/35\/revisions\/386842"}],"wp:attachment":[{"href":"https:\/\/www.lions-leonberg.de\/LionsClub\/wp-json\/wp\/v2\/media?parent=35"}],"curies":[{"name":"wp","href":"https:\/\/api.w.org\/{rel}","templated":true}]}}