{"id":30,"date":"2017-02-24T15:16:31","date_gmt":"2017-02-24T13:16:31","guid":{"rendered":"http:\/\/www.lions-leonberg.de\/LionsClub\/?page_id=30"},"modified":"2022-11-21T08:30:01","modified_gmt":"2022-11-21T07:30:01","slug":"presseartikel","status":"publish","type":"page","link":"https:\/\/www.lions-leonberg.de\/LionsClub\/presseartikel\/","title":{"rendered":"Unser Wirken"},"content":{"rendered":"<h3>Sozialarbeit<\/h3>\n<p style=\"padding-left: 30px;\">Ein Schwerpunkt des Lions Clubs Leonberg ist es, Menschen in Not finanziell zu unterst\u00fctzen.<\/p>\n<p style=\"padding-left: 30px;\">Mit Not in aller Welt werden wir t\u00e4glich durch Presse, Rundfunk und Fernsehen konfrontiert.<\/p>\n<p style=\"padding-left: 30px;\">Dabei wird leicht \u00fcbersehen, dass es mitten unter uns viele Menschen gibt, die unbemerkt in tempor\u00e4rer Notlage sind. F\u00fcr diese F\u00e4lle hier vor Ort im Altkreis Leonberg setzen wir bevorzugt unsere finanziellen Mittel ein. Dies geschieht in enger Zusammenarbeit mit der evangelischen Diakonie in Leonberg. \u00dcber die Vergabe von Zuwendungen entscheiden Mitglieder des Lions Clubs im sozialen Arbeitskreis.<\/p>\n<p style=\"padding-left: 30px;\">F\u00fcr die Bewohner des Seniorenzentrums Parksee in Leonberg organisieren und finanzieren wir j\u00e4hrlich sechs Busausfahrten. Diese f\u00fchren f\u00fcr einen Nachmittag an sehenswerte Orte unserer sch\u00f6nen Heimat. Bei Kaffee und Kuchen bieten wir den Teilnehmern die M\u00f6glichkeit, in lockerer Atmosph\u00e4re Geselligkeit zu pflegen. Zur Unterst\u00fctzung hilfsbed\u00fcrftiger Teilnehmer begleiten mehrere Lions Mitglieder diese Ausfahrten.<\/p>\n<h3>Klasse 2000<\/h3>\n<p style=\"padding-left: 30px;\">Klasse2000 ist das in Deutschland am weitesten verbreitete Unterrichtsprogramm zur Gesundheitsf\u00f6rderung, Sucht- und Gewaltvorbeugung in der Grundschule. Das Programm begleitet die Kinder kontinuierlich von Klasse 1 bis 4, vermittelt ihnen Lebens- und Gesundheitskompetenzen und begeistert sie spielerisch f\u00fcr eine gesunde Lebensweise. So erlernen sie F\u00e4higkeiten, die ihnen helfen, einen gesunden Lebensstil zu entwickeln \u2013 k\u00f6rperlich, psychisch und sozial.<\/p>\n<p style=\"padding-left: 30px;\">Klasse2000 behandelt \u00fcber 4 Jahre das 1&#215;1 des gesunden Lebens:<\/p>\n<ul>\n<li>Gesund essen &amp; trinken<\/li>\n<li>Bewegung &amp; Entspannung<\/li>\n<li>Sich selbst m\u00f6gen &amp; Freunde haben<\/li>\n<li>Probleme &amp; Konflikte gewaltfrei l\u00f6sen<\/li>\n<li>Kritisch denken &amp; Nein-Sagen, z.B. zu Alkohol, Zigaretten und bei Gruppendruck.<\/li>\n<\/ul>\n<p style=\"padding-left: 30px;\">Klasse2000 kostet pro Klasse und Schuljahr 200,- \u20ac. Finanziert wird das Programm durch die \u00dcbernahme von Patenschaften f\u00fcr einzelne Klassen.<\/p>\n<p style=\"padding-left: 30px;\">Der Lions Club Leonberg hat bereits 275 Grundschulklassen mit rund 8.000 Sch\u00fclerinnen und Sch\u00fclern die Teilnahme am Programm Klasse2000 erm\u00f6glicht. Den finanziellen Aufwand von 260.000 EUR konnten wir durch Spenden und Sponsoren aufbringen.<\/p>\n<h3>Wir freuen uns \u00fcber Ihre Unterst\u00fctzung!<\/h3>\n<p style=\"padding-left: 30px;\"><strong>Spendenkonto:<\/strong><\/p>\n<p style=\"padding-left: 30px;\">Hilfswerk des Lions Club Leonberg e. V.<\/p>\n<p style=\"padding-left: 30px;\">Volksbank\u00a0 Leonberg-Strohg\u00e4u eG<br \/>\nBLZ 603 903 00 Konto: 810 820 005<\/p>\n<p style=\"padding-left: 30px;\">IBAN: DE 45 603 903 00 0 810 820 005<br \/>\nBIC: GENODES1LEO<\/p>\n<p style=\"padding-left: 30px;\">P.S.: Selbstverst\u00e4ndlich erhalten Sie auf Wunsch auch eine Spendenquittung.<\/p>\n","protected":false},"excerpt":{"rendered":"<p>Sozialarbeit Ein Schwerpunkt des Lions Clubs Leonberg ist es, Menschen in Not finanziell zu unterst\u00fctzen. Mit Not in aller Welt werden wir t\u00e4glich durch Presse, Rundfunk und Fernsehen konfrontiert. Dabei wird leicht \u00fcbersehen, dass es mitten unter uns viele Menschen gibt, die unbemerkt in tempor\u00e4rer Notlage sind. F\u00fcr diese F\u00e4lle hier vor Ort im Altkreis &hellip; <a href=\"https:\/\/www.lions-leonberg.de\/LionsClub\/presseartikel\/\" class=\"more-link\"><span class=\"screen-reader-text\">Unser Wirken<\/span> weiterlesen <span class=\"meta-nav\">&rarr;<\/span><\/a><\/p>\n","protected":false},"author":1,"featured_media":0,"parent":0,"menu_order":0,"comment_status":"closed","ping_status":"closed","template":"","meta":[],"aioseo_notices":[],"_links":{"self":[{"href":"https:\/\/www.lions-leonberg.de\/LionsClub\/wp-json\/wp\/v2\/pages\/30"}],"collection":[{"href":"https:\/\/www.lions-leonberg.de\/LionsClub\/wp-json\/wp\/v2\/pages"}],"about":[{"href":"https:\/\/www.lions-leonberg.de\/LionsClub\/wp-json\/wp\/v2\/types\/page"}],"author":[{"embeddable":true,"href":"https:\/\/www.lions-leonberg.de\/LionsClub\/wp-json\/wp\/v2\/users\/1"}],"replies":[{"embeddable":true,"href":"https:\/\/www.lions-leonberg.de\/LionsClub\/wp-json\/wp\/v2\/comments?post=30"}],"version-history":[{"count":3,"href":"https:\/\/www.lions-leonberg.de\/LionsClub\/wp-json\/wp\/v2\/pages\/30\/revisions"}],"predecessor-version":[{"id":378647,"href":"https:\/\/www.lions-leonberg.de\/LionsClub\/wp-json\/wp\/v2\/pages\/30\/revisions\/378647"}],"wp:attachment":[{"href":"https:\/\/www.lions-leonberg.de\/LionsClub\/wp-json\/wp\/v2\/media?parent=30"}],"curies":[{"name":"wp","href":"https:\/\/api.w.org\/{rel}","templated":true}]}}