{"id":21,"date":"2017-02-24T10:15:38","date_gmt":"2017-02-24T09:15:38","guid":{"rendered":"http:\/\/www.lions-leonberg.de\/LionsClub\/?page_id=21"},"modified":"2022-11-21T08:30:55","modified_gmt":"2022-11-21T07:30:55","slug":"ziele","status":"publish","type":"page","link":"https:\/\/www.lions-leonberg.de\/LionsClub\/ziele\/","title":{"rendered":"Ziele"},"content":{"rendered":"<h2><a href=\"https:\/\/www.lionsclubs.org\/de\" target=\"_blank\" rel=\"noopener\">LIONS CLUBS INTERNATIONAL<\/a><\/h2>\n<p>Der Lions Club International ist eine weltweite Vereinigung freier Menschen, die in freundschaftlicher Verbundenheit bereit sind, sich den gesellschaftlichen Problemen unserer Zeit zu stellen und uneigenn\u00fctzig an ihrer L\u00f6sung mitzuwirken. Lions-Mitglieder verpflichten sich der Toleranz im menschlichen Zusammenleben und wollen insbesondere:<\/p>\n<ul>\n<li>der Gemeinschaft dienen<\/li>\n<li>freundschaftliche Beziehungen zwischen den V\u00f6lkern entwickeln und dadurch den Weltfrieden festigen<\/li>\n<li>ihren Mitmenschen in materieller und seelischer Not beistehen sowie<\/li>\n<li>die Kulturg\u00fcter sinnvoll bewahren.<\/li>\n<\/ul>\n<h3>Die Ziele von Lions Clubs<\/h3>\n<ul>\n<li>Den Geist gegenseitiger Verst\u00e4ndigung unter den V\u00f6lkern der Welt zu <strong>WECKEN<\/strong> und zu erhalten;<\/li>\n<li>die Grunds\u00e4tze eines guten Staatswesens und guten B\u00fcrgersinns zu <strong>F\u00d6RDERN<\/strong>;<\/li>\n<li>aktiv f\u00fcr die b\u00fcrgerliche, kulturelle, soziale und allgemeine Entwicklung der Gesellschaft <strong>EINZUTRETEN<\/strong>;<\/li>\n<li>die Clubs in Freundschaft, Kameradschaft und gegenseitigem Verst\u00e4ndnis zu <strong>VERBINDEN<\/strong>;<\/li>\n<li>ein Forum f\u00fcr die offene Diskussion aller Angelegenheiten von \u00f6ffentlichem Interesse zu <strong>BILDEN<\/strong>, ohne jedoch politische Fragen parteiisch und religi\u00f6se Fragen unduldsam zu behandeln;<\/li>\n<li>einsatzfreudige Menschen zu <strong>BEWEGEN<\/strong>, der Gemeinschaft zu dienen, ohne daraus pers\u00f6nlich materiellen Nutzen zu ziehen;<\/li>\n<li>Tatkraft und vorbildliche Haltung in allen beruflichen und pers\u00f6nlichen Bereichen zu entwickeln und zu f\u00f6rdern.<\/li>\n<\/ul>\n<p>Haben Sie Interesse am <a title=\"Kontakt\" href=\"https:\/\/www.lions-leonberg.de\/LionsClub\/jumelage\/\">Lions Club Leonberg<\/a>?<\/p>\n","protected":false},"excerpt":{"rendered":"<p>LIONS CLUBS INTERNATIONAL Der Lions Club International ist eine weltweite Vereinigung freier Menschen, die in freundschaftlicher Verbundenheit bereit sind, sich den gesellschaftlichen Problemen unserer Zeit zu stellen und uneigenn\u00fctzig an ihrer L\u00f6sung mitzuwirken. Lions-Mitglieder verpflichten sich der Toleranz im menschlichen Zusammenleben und wollen insbesondere: der Gemeinschaft dienen freundschaftliche Beziehungen zwischen den V\u00f6lkern entwickeln und dadurch &hellip; <a href=\"https:\/\/www.lions-leonberg.de\/LionsClub\/ziele\/\" class=\"more-link\"><span class=\"screen-reader-text\">Ziele<\/span> weiterlesen <span class=\"meta-nav\">&rarr;<\/span><\/a><\/p>\n","protected":false},"author":1,"featured_media":0,"parent":0,"menu_order":0,"comment_status":"closed","ping_status":"open","template":"","meta":[],"aioseo_notices":[],"_links":{"self":[{"href":"https:\/\/www.lions-leonberg.de\/LionsClub\/wp-json\/wp\/v2\/pages\/21"}],"collection":[{"href":"https:\/\/www.lions-leonberg.de\/LionsClub\/wp-json\/wp\/v2\/pages"}],"about":[{"href":"https:\/\/www.lions-leonberg.de\/LionsClub\/wp-json\/wp\/v2\/types\/page"}],"author":[{"embeddable":true,"href":"https:\/\/www.lions-leonberg.de\/LionsClub\/wp-json\/wp\/v2\/users\/1"}],"replies":[{"embeddable":true,"href":"https:\/\/www.lions-leonberg.de\/LionsClub\/wp-json\/wp\/v2\/comments?post=21"}],"version-history":[{"count":4,"href":"https:\/\/www.lions-leonberg.de\/LionsClub\/wp-json\/wp\/v2\/pages\/21\/revisions"}],"predecessor-version":[{"id":386847,"href":"https:\/\/www.lions-leonberg.de\/LionsClub\/wp-json\/wp\/v2\/pages\/21\/revisions\/386847"}],"wp:attachment":[{"href":"https:\/\/www.lions-leonberg.de\/LionsClub\/wp-json\/wp\/v2\/media?parent=21"}],"curies":[{"name":"wp","href":"https:\/\/api.w.org\/{rel}","templated":true}]}}