{"id":15,"date":"2017-02-24T16:17:15","date_gmt":"2017-02-24T14:17:15","guid":{"rendered":"http:\/\/www.lions-leonberg.de\/LionsClub\/?page_id=15"},"modified":"2024-12-02T07:55:11","modified_gmt":"2024-12-02T06:55:11","slug":"home","status":"publish","type":"page","link":"https:\/\/www.lions-leonberg.de\/LionsClub\/","title":{"rendered":"Home"},"content":{"rendered":"\n<h3>Ziele<\/h3>\n<p style=\"padding-left: 30px;\">Als \u00fcbergeordnetes Ziel gilt, Dienst an der Gemeinschaft zu leisten, ohne daraus pers\u00f6nlich materiellen Nutzen zu ziehen. Innerhalb dieses Ziels hat sich <a href=\"https:\/\/www.lionsclubs.org\/de\" target=\"_blank\" rel=\"noopener\">LIONS Club International<\/a> eine Reihe von spezifischen Aufgaben gestellt.<br \/>\nDazu geh\u00f6ren u. a.<\/p>\n<ul>\n<li style=\"padding-left: 30px;\">die Pflege der b\u00fcrgerlichen, kulturellen und sozialen Entwicklung<\/li>\n<li style=\"padding-left: 30px;\">die F\u00f6rderung der Grunds\u00e4tze eines guten Staatswesens und guten B\u00fcrgersinns<\/li>\n<li style=\"padding-left: 30px;\">die F\u00f6rderung der V\u00f6lkerverst\u00e4ndigung.<\/li>\n<\/ul>\n<h3>LIONS Club International<\/h3>\n<p style=\"padding-left: 30px;\">Die LIONS Bewegung wurde im Jahre 1917 von dem Amerikaner Melvin Jones gegr\u00fcndet. Sein Beweggrund war, Menschen in Not zu unterst\u00fctzen. LIONS Club International hat sich vor allem nach dem zweiten Weltkrieg st\u00fcrmisch entwickelt und umfasst weltweit rd. 1,4 Millionen Mitglieder in 210 L\u00e4ndern, die in mehr als 46.000 Clubs organisiert sind.<\/p>\n<p style=\"padding-left: 30px;\">Unter dem Motto \u201eWE SERVE\u201c (wir dienen) stehen soziale Hilfen f\u00fcr Menschen in Not im Vordergrund, bei denen staatliche und kirchliche Unterst\u00fctzung nicht ausreichend greifen.<br \/>\nSeit 1990 wurden so z. B. in einer weltweiten Aktion \u201eSight-First\u201c ca. 415 Millionen US Dollar zur Verh\u00fctung und Heilung von Blindheit aufgebracht. Damit wurde 30 Millionen Menschen geholfen.<\/p>\n<h3>LIONS Club Leonberg<\/h3>\n<p style=\"padding-left: 30px;\">Der <a title=\"Presseartikel\" href=\"https:\/\/www.lions-leonberg.de\/LionsClub\/presseartikel-2\/\">Lions Club Leonberg<\/a> wurde 1974 gegr\u00fcndet und hat derzeit 27 Mitglieder.<br \/>\nEin wesentliches Ziel ist die Unterst\u00fctzung von sozialen und kulturellen Projekten. Neben der Beteiligung an Projekten der internationalen Lions-Organisation konzentrieren wir uns auf Hilfen im Gro\u00dfraum Leonberg. So haben wir in den vergangenen Jahren lokale Projekte wie die Leonberger Tafel und das station\u00e4re Hospiz unterst\u00fctzt. Als Dauerprojekt organisieren und finanzieren wir regelm\u00e4\u00dfige Ausfahrten mit den Bewohnern des Seniorenzentrums Parksee.<\/p>\n<p style=\"padding-left: 30px;\">Seit 1998 f\u00f6rdern wir mit \u201eKlasse2000\u201c ein Projekt zur Gesundheitsvorsorge und Suchtpr\u00e4vention an Grundschulen. An diesem Projekt haben bislang 275 Klassen mit rd. 8.000 Sch\u00fclern teilgenommen. Den finanziellen Aufwand von 260.000 EUR konnten wir durch Spenden und Sponsoren aufbringen.<\/p>\n<p style=\"padding-left: 30px;\">Vor allem aber gilt unser Hauptaugenmerk immer wieder Einzelpersonen und Familien aus dem Gro\u00dfraum Leonberg, die in Not geraten sind.<\/p>\n<p style=\"padding-left: 30px;\">Alle Mitglieder des LIONS Clubs sind ehrenamtlich t\u00e4tig. Die Mittel f\u00fcr unsere Arbeit werden vor allem mit unserer Weihnachtstombola und Benefizkonzerten aufgebracht.<br \/>\nDie Weihnachtstombola f\u00fchren wir seit 1995 j\u00e4hrlich im Leo-Center durch.<\/p>\n<p style=\"padding-left: 30px;\">Dar\u00fcber hinaus freuen wir uns \u00fcber Spenden von Menschen, die uns nahe stehen und unsere Arbeit unterst\u00fctzen.<\/p>\n<h3>Unsere Charterurkunde:<\/h3>\n<p><img decoding=\"async\" loading=\"lazy\" class=\"aligncenter size-full wp-image-912\" src=\"https:\/\/www.lions-leonberg.de\/LionsClub\/wp-content\/uploads\/2017\/04\/charterurkunde.jpg\" alt=\"\" width=\"684\" height=\"900\" srcset=\"https:\/\/www.lions-leonberg.de\/LionsClub\/wp-content\/uploads\/2017\/04\/charterurkunde.jpg 684w, https:\/\/www.lions-leonberg.de\/LionsClub\/wp-content\/uploads\/2017\/04\/charterurkunde-228x300.jpg 228w\" sizes=\"(max-width: 684px) 100vw, 684px\" \/><\/p>\n","protected":false},"excerpt":{"rendered":"<p>Ziele Als \u00fcbergeordnetes Ziel gilt, Dienst an der Gemeinschaft zu leisten, ohne daraus pers\u00f6nlich materiellen Nutzen zu ziehen. Innerhalb dieses Ziels hat sich LIONS Club International eine Reihe von spezifischen Aufgaben gestellt. Dazu geh\u00f6ren u. a. die Pflege der b\u00fcrgerlichen, kulturellen und sozialen Entwicklung die F\u00f6rderung der Grunds\u00e4tze eines guten Staatswesens und guten B\u00fcrgersinns die &hellip; <a href=\"https:\/\/www.lions-leonberg.de\/LionsClub\/\" class=\"more-link\"><span class=\"screen-reader-text\">Home<\/span> weiterlesen <span class=\"meta-nav\">&rarr;<\/span><\/a><\/p>\n","protected":false},"author":1,"featured_media":0,"parent":0,"menu_order":0,"comment_status":"closed","ping_status":"open","template":"","meta":[],"aioseo_notices":[],"_links":{"self":[{"href":"https:\/\/www.lions-leonberg.de\/LionsClub\/wp-json\/wp\/v2\/pages\/15"}],"collection":[{"href":"https:\/\/www.lions-leonberg.de\/LionsClub\/wp-json\/wp\/v2\/pages"}],"about":[{"href":"https:\/\/www.lions-leonberg.de\/LionsClub\/wp-json\/wp\/v2\/types\/page"}],"author":[{"embeddable":true,"href":"https:\/\/www.lions-leonberg.de\/LionsClub\/wp-json\/wp\/v2\/users\/1"}],"replies":[{"embeddable":true,"href":"https:\/\/www.lions-leonberg.de\/LionsClub\/wp-json\/wp\/v2\/comments?post=15"}],"version-history":[{"count":6,"href":"https:\/\/www.lions-leonberg.de\/LionsClub\/wp-json\/wp\/v2\/pages\/15\/revisions"}],"predecessor-version":[{"id":386875,"href":"https:\/\/www.lions-leonberg.de\/LionsClub\/wp-json\/wp\/v2\/pages\/15\/revisions\/386875"}],"wp:attachment":[{"href":"https:\/\/www.lions-leonberg.de\/LionsClub\/wp-json\/wp\/v2\/media?parent=15"}],"curies":[{"name":"wp","href":"https:\/\/api.w.org\/{rel}","templated":true}]}}